{"id":3,"date":"2020-02-28T11:03:06","date_gmt":"2020-02-28T10:03:06","guid":{"rendered":"https:\/\/www.alpha-graz.at\/datenschutzerklaerung\/"},"modified":"2022-12-20T08:47:43","modified_gmt":"2022-12-20T07:47:43","slug":"datenschutzerklaerung","status":"publish","type":"page","link":"https:\/\/www.alpha-graz.at\/de\/datenschutzerklaerung\/","title":{"rendered":"Datenschutzerkl\u00e4rung"},"content":{"rendered":"\n<h1 class=\"wp-block-heading\"><\/h1>\n\n\n\n<h2 class=\"wp-block-heading\">Inhaltsverzeichnis<\/h2>\n\n\n\n<ul class=\"wp-block-list\">\n<li><a href=\"#einleitung-ueberblick\">Einleitung und \u00dcberblick<\/a><\/li>\n\n\n\n<li><a href=\"#anwendungsbereich\">Anwendungsbereich<\/a><\/li>\n\n\n\n<li><a href=\"#rechtsgrundlagen\">Rechtsgrundlagen<\/a><\/li>\n\n\n\n<li><a href=\"#kontaktdaten-verantwortliche\">Kontaktdaten des Verantwortlichen<\/a><\/li>\n\n\n\n<li><a href=\"#speicherdauer\">Speicherdauer<\/a><\/li>\n\n\n\n<li><a href=\"#rechte-dsgvo\">Rechte laut Datenschutz-Grundverordnung<\/a><\/li>\n\n\n\n<li><a href=\"#erklaerung-verwendeter-begriffe\">Erkl\u00e4rung verwendeter Begriffe<\/a><\/li>\n<\/ul>\n\n\n\n<h2 class=\"wp-block-heading\" id=\"einleitung-ueberblick\">Einleitung und \u00dcberblick<\/h2>\n\n\n\n<p>Wir haben diese Datenschutzerkl\u00e4rung (Fassung 20.12.2022-112365994) verfasst, um Ihnen gem\u00e4\u00df der Vorgaben der <a href=\"https:\/\/eur-lex.europa.eu\/legal-content\/DE\/TXT\/HTML\/?uri=CELEX:32016R0679&amp;from=DE&amp;tid=112365994#d1e2269-1-1\" target=\"_blank\" rel=\"noreferrer noopener\">Datenschutz-Grundverordnung (EU) 2016\/679<\/a> und anwendbaren nationalen Gesetzen zu erkl\u00e4ren, welche personenbezogenen Daten (kurz Daten) wir als Verantwortliche \u2013 und die von uns beauftragten Auftragsverarbeiter (z. B. Provider) \u2013 verarbeiten, zuk\u00fcnftig verarbeiten werden und welche rechtm\u00e4\u00dfigen M\u00f6glichkeiten Sie haben. Die verwendeten Begriffe sind geschlechtsneutral zu verstehen.<br><strong>Kurz gesagt:<\/strong> Wir informieren Sie umfassend \u00fcber Daten, die wir \u00fcber Sie verarbeiten.<\/p>\n\n\n\n<p>Datenschutzerkl\u00e4rungen klingen f\u00fcr gew\u00f6hnlich sehr technisch und verwenden juristische Fachbegriffe. Diese Datenschutzerkl\u00e4rung soll Ihnen hingegen die wichtigsten Dinge so einfach und transparent wie m\u00f6glich beschreiben. Soweit es der Transparenz f\u00f6rderlich ist, werden technische <strong>Begriffe leserfreundlich erkl\u00e4rt<\/strong>, Links zu weiterf\u00fchrenden Informationen geboten und <strong>Grafiken<\/strong> zum Einsatz gebracht. Wir informieren damit in klarer und einfacher Sprache, dass wir im Rahmen unserer Gesch\u00e4ftst\u00e4tigkeiten nur dann personenbezogene Daten verarbeiten, wenn eine entsprechende gesetzliche Grundlage gegeben ist. Das ist sicher nicht m\u00f6glich, wenn man m\u00f6glichst knappe, unklare und juristisch-technische Erkl\u00e4rungen abgibt, so wie sie im Internet oft Standard sind, wenn es um Datenschutz geht. Ich hoffe, Sie finden die folgenden Erl\u00e4uterungen interessant und informativ und vielleicht ist die eine oder andere Information dabei, die Sie noch nicht kannten.<br>Wenn trotzdem Fragen bleiben, m\u00f6chten wir Sie bitten, sich an die unten bzw. im Impressum genannte verantwortliche Stelle zu wenden, den vorhandenen Links zu folgen und sich weitere Informationen auf Drittseiten anzusehen. Unsere Kontaktdaten finden Sie selbstverst\u00e4ndlich auch im Impressum.<\/p>\n\n\n\n<h2 class=\"wp-block-heading\" id=\"anwendungsbereich\">Anwendungsbereich<\/h2>\n\n\n\n<p>Diese Datenschutzerkl\u00e4rung gilt f\u00fcr alle von uns im Unternehmen verarbeiteten personenbezogenen Daten und f\u00fcr alle personenbezogenen Daten, die von uns beauftragte Firmen (Auftragsverarbeiter) verarbeiten. Mit personenbezogenen Daten meinen wir Informationen im Sinne des Art. 4 Nr. 1 DSGVO wie zum Beispiel Name, E-Mail-Adresse und postalische Anschrift einer Person. Die Verarbeitung personenbezogener Daten sorgt daf\u00fcr, dass wir unsere Dienstleistungen und Produkte anbieten und abrechnen k\u00f6nnen, sei es online oder offline. Der Anwendungsbereich dieser Datenschutzerkl\u00e4rung umfasst:<\/p>\n\n\n\n<ul class=\"wp-block-list\">\n<li>alle Onlineauftritte (Websites, Onlineshops), die wir betreiben<\/li>\n\n\n\n<li>Social Media Auftritte und E-Mail-Kommunikation<\/li>\n\n\n\n<li>mobile Apps f\u00fcr Smartphones und andere Ger\u00e4te<\/li>\n<\/ul>\n\n\n\n<p><strong>Kurz gesagt:<\/strong> Die Datenschutzerkl\u00e4rung gilt f\u00fcr alle Bereiche, in denen personenbezogene Daten im Unternehmen \u00fcber die genannten Kan\u00e4le strukturiert verarbeitet werden. Sollten wir au\u00dferhalb dieser Kan\u00e4le mit Ihnen in Rechtsbeziehungen eintreten, werden wir Sie gegebenenfalls gesondert informieren.<\/p>\n\n\n\n<h2 class=\"wp-block-heading\" id=\"rechtsgrundlagen\">Rechtsgrundlagen<\/h2>\n\n\n\n<p>In der folgenden Datenschutzerkl\u00e4rung geben wir Ihnen transparente Informationen zu den rechtlichen Grunds\u00e4tzen und Vorschriften, also den Rechtsgrundlagen der Datenschutz-Grundverordnung, die uns erm\u00f6glichen, personenbezogene Daten zu verarbeiten.<br>Was das EU-Recht betrifft, beziehen wir uns auf die VERORDNUNG (EU) 2016\/679 DES EUROP\u00c4ISCHEN PARLAMENTS UND DES RATES vom 27. April 2016. Diese Datenschutz-Grundverordnung der EU k\u00f6nnen Sie selbstverst\u00e4ndlich online auf EUR-Lex, dem Zugang zum EU-Recht, unter <a href=\"https:\/\/eur-lex.europa.eu\/legal-content\/DE\/ALL\/?uri=celex%3A32016R0679\" target=\"_blank\" rel=\"noopener\">https:\/\/eur-lex.europa.eu\/legal-content\/DE\/ALL\/?uri=celex%3A32016R0679<\/a> nachlesen.<\/p>\n\n\n\n<p>Wir verarbeiten Ihre Daten nur, wenn mindestens eine der folgenden Bedingungen zutrifft:<\/p>\n\n\n\n<ol class=\"wp-block-list\">\n<li><strong>Einwilligung<\/strong> (Artikel 6 Absatz 1 lit. a DSGVO): Sie haben uns Ihre Einwilligung gegeben, Daten zu einem bestimmten Zweck zu verarbeiten. Ein Beispiel w\u00e4re die Speicherung Ihrer eingegebenen Daten eines Kontaktformulars.<\/li>\n\n\n\n<li><strong>Vertrag<\/strong> (Artikel 6 Absatz 1 lit. b DSGVO): Um einen Vertrag oder vorvertragliche Verpflichtungen mit Ihnen zu erf\u00fcllen, verarbeiten wir Ihre Daten. Wenn wir zum Beispiel einen Kaufvertrag mit Ihnen abschlie\u00dfen, ben\u00f6tigen wir vorab personenbezogene Informationen.<\/li>\n\n\n\n<li><strong>Rechtliche Verpflichtung<\/strong> (Artikel 6 Absatz 1 lit. c DSGVO): Wenn wir einer rechtlichen Verpflichtung unterliegen, verarbeiten wir Ihre Daten. Zum Beispiel sind wir gesetzlich verpflichtet Rechnungen f\u00fcr die Buchhaltung aufzuheben. Diese enthalten in der Regel personenbezogene Daten.<\/li>\n\n\n\n<li><strong>Berechtigte Interessen<\/strong> (Artikel 6 Absatz 1 lit. f DSGVO): Im Falle berechtigter Interessen, die Ihre Grundrechte nicht einschr\u00e4nken, behalten wir uns die Verarbeitung personenbezogener Daten vor. Wir m\u00fcssen zum Beispiel gewisse Daten verarbeiten, um unsere Website sicher und wirtschaftlich effizient betreiben zu k\u00f6nnen. Diese Verarbeitung ist somit ein berechtigtes Interesse.<\/li>\n<\/ol>\n\n\n\n<p>Weitere Bedingungen wie die Wahrnehmung von Aufnahmen im \u00f6ffentlichen Interesse und Aus\u00fcbung \u00f6ffentlicher Gewalt sowie dem Schutz lebenswichtiger Interessen treten bei uns in der Regel nicht auf. Soweit eine solche Rechtsgrundlage doch einschl\u00e4gig sein sollte, wird diese an der entsprechenden Stelle ausgewiesen.<\/p>\n\n\n\n<p>Zus\u00e4tzlich zu der EU-Verordnung gelten auch noch nationale Gesetze:<\/p>\n\n\n\n<ul class=\"wp-block-list\">\n<li>In <strong>\u00d6sterreich<\/strong> ist dies das Bundesgesetz zum Schutz nat\u00fcrlicher Personen bei der Verarbeitung personenbezogener Daten (<strong>Datenschutzgesetz<\/strong>), kurz <strong>DSG<\/strong>.<\/li>\n\n\n\n<li>In <strong>Deutschland<\/strong> gilt das <strong>Bundesdatenschutzgesetz<\/strong>, kurz<strong> BDSG<\/strong>.<\/li>\n<\/ul>\n\n\n\n<p>Sofern weitere regionale oder nationale Gesetze zur Anwendung kommen, informieren wir Sie in den folgenden Abschnitten dar\u00fcber.<\/p>\n\n\n\n<h2 class=\"wp-block-heading\" id=\"kontaktdaten-verantwortliche\">Kontaktdaten des Verantwortlichen<\/h2>\n\n\n\n<p>Sollten Sie Fragen zum Datenschutz oder zur Verarbeitung personenbezogener Daten haben, finden Sie nachfolgend die Kontaktdaten der verantwortlichen Person bzw. Stelle:<br>Appartements Alpha Graz<br>Herrgottwiesgasse 58<br>A-8020 Graz<\/p>\n\n\n\n<p>E-Mail: <a href=\"mailto:office@alpha-graz.at\">office@alpha-graz.at<\/a><br>Telefon: <a href=\"tel:+43 664 8235050\">+43 664 8235050<\/a><br>Impressum: <a href=\"https:\/\/www.alpha-graz.at\/de\/datenschutzerklaerung\/\">https:\/\/www.alpha-graz.at\/de\/datenschutzerklaerung\/<\/a><\/p>\n\n\n\n<h2 class=\"wp-block-heading\" id=\"speicherdauer\">Speicherdauer<\/h2>\n\n\n\n<p>Dass wir personenbezogene Daten nur so lange speichern, wie es f\u00fcr die Bereitstellung unserer Dienstleistungen und Produkte unbedingt notwendig ist, gilt als generelles Kriterium bei uns. Das bedeutet, dass wir personenbezogene Daten l\u00f6schen, sobald der Grund f\u00fcr die Datenverarbeitung nicht mehr vorhanden ist. In einigen F\u00e4llen sind wir gesetzlich dazu verpflichtet, bestimmte Daten auch nach Wegfall des urspr\u00fcngliches Zwecks zu speichern, zum Beispiel zu Zwecken der Buchf\u00fchrung.<\/p>\n\n\n\n<p>Sollten Sie die L\u00f6schung Ihrer Daten w\u00fcnschen oder die Einwilligung zur Datenverarbeitung widerrufen, werden die Daten so rasch wie m\u00f6glich und soweit keine Pflicht zur Speicherung besteht, gel\u00f6scht.<\/p>\n\n\n\n<p>\u00dcber die konkrete Dauer der jeweiligen Datenverarbeitung informieren wir Sie weiter unten, sofern wir weitere Informationen dazu haben.<\/p>\n\n\n\n<h2 class=\"wp-block-heading\" id=\"rechte-dsgvo\">Rechte laut Datenschutz-Grundverordnung<\/h2>\n\n\n\n<p>Gem\u00e4\u00df Artikel 13, 14 DSGVO informieren wir Sie \u00fcber die folgenden Rechte, die Ihnen zustehen, damit es zu einer fairen und transparenten Verarbeitung von Daten kommt:<\/p>\n\n\n\n<ul class=\"wp-block-list\">\n<li>Sie haben laut Artikel 15 DSGVO ein Auskunftsrecht dar\u00fcber, ob wir Daten von Ihnen verarbeiten. Sollte das zutreffen, haben Sie Recht darauf eine Kopie der Daten zu erhalten und die folgenden Informationen zu erfahren:\n<ul class=\"wp-block-list\">\n<li>zu welchem Zweck wir die Verarbeitung durchf\u00fchren;<\/li>\n\n\n\n<li>die Kategorien, also die Arten von Daten, die verarbeitet werden;<\/li>\n\n\n\n<li>wer diese Daten erh\u00e4lt und wenn die Daten an Drittl\u00e4nder \u00fcbermittelt werden, wie die Sicherheit garantiert werden kann;<\/li>\n\n\n\n<li>wie lange die Daten gespeichert werden;<\/li>\n\n\n\n<li>das Bestehen des Rechts auf Berichtigung, L\u00f6schung oder Einschr\u00e4nkung der Verarbeitung und dem Widerspruchsrecht gegen die Verarbeitung;<\/li>\n\n\n\n<li>dass Sie sich bei einer Aufsichtsbeh\u00f6rde beschweren k\u00f6nnen (Links zu diesen Beh\u00f6rden finden Sie weiter unten);<\/li>\n\n\n\n<li>die Herkunft der Daten, wenn wir sie nicht bei Ihnen erhoben haben;<\/li>\n\n\n\n<li>ob Profiling durchgef\u00fchrt wird, ob also Daten automatisch ausgewertet werden, um zu einem pers\u00f6nlichen Profil von Ihnen zu gelangen.<\/li>\n<\/ul>\n<\/li>\n\n\n\n<li>Sie haben laut Artikel 16 DSGVO ein Recht auf Berichtigung der Daten, was bedeutet, dass wir Daten richtig stellen m\u00fcssen, falls Sie Fehler finden.<\/li>\n\n\n\n<li>Sie haben laut Artikel 17 DSGVO das Recht auf L\u00f6schung (\u201eRecht auf Vergessenwerden\u201c), was konkret bedeutet, dass Sie die L\u00f6schung Ihrer Daten verlangen d\u00fcrfen.<\/li>\n\n\n\n<li>Sie haben laut Artikel 18 DSGVO das Recht auf Einschr\u00e4nkung der Verarbeitung, was bedeutet, dass wir die Daten nur mehr speichern d\u00fcrfen aber nicht weiter verwenden.<\/li>\n\n\n\n<li>Sie haben laut Artikel 20 DSGVO das Recht auf Daten\u00fcbertragbarkeit, was bedeutet, dass wir Ihnen auf Anfrage Ihre Daten in einem g\u00e4ngigen Format zur Verf\u00fcgung stellen.<\/li>\n\n\n\n<li>Sie haben laut Artikel 21 DSGVO ein Widerspruchsrecht, welches nach Durchsetzung eine \u00c4nderung der Verarbeitung mit sich bringt.\n<ul class=\"wp-block-list\">\n<li>Wenn die Verarbeitung Ihrer Daten auf Artikel 6 Abs. 1 lit. e (\u00f6ffentliches Interesse, Aus\u00fcbung \u00f6ffentlicher Gewalt) oder Artikel 6 Abs. 1 lit. f (berechtigtes Interesse) basiert, k\u00f6nnen Sie gegen die Verarbeitung Widerspruch einlegen. Wir pr\u00fcfen danach so rasch wie m\u00f6glich, ob wir diesem Widerspruch rechtlich nachkommen k\u00f6nnen.<\/li>\n\n\n\n<li>Werden Daten verwendet, um Direktwerbung zu betreiben, k\u00f6nnen Sie jederzeit gegen diese Art der Datenverarbeitung widersprechen. Wir d\u00fcrfen Ihre Daten danach nicht mehr f\u00fcr Direktmarketing verwenden.<\/li>\n\n\n\n<li>Werden Daten verwendet, um Profiling zu betreiben, k\u00f6nnen Sie jederzeit gegen diese Art der Datenverarbeitung widersprechen. Wir d\u00fcrfen Ihre Daten danach nicht mehr f\u00fcr Profiling verwenden.<\/li>\n<\/ul>\n<\/li>\n\n\n\n<li>Sie haben laut Artikel 22 DSGVO unter Umst\u00e4nden das Recht, nicht einer ausschlie\u00dflich auf einer automatisierten Verarbeitung (zum Beispiel Profiling) beruhenden Entscheidung unterworfen zu werden.<\/li>\n\n\n\n<li>Sie haben laut Artikel 77 DSGVO das Recht auf Beschwerde. Das hei\u00dft, Sie k\u00f6nnen sich jederzeit bei der Datenschutzbeh\u00f6rde beschweren, wenn Sie der Meinung sind, dass die Datenverarbeitung von personenbezogenen Daten gegen die DSGVO verst\u00f6\u00dft.<\/li>\n<\/ul>\n\n\n\n<p><strong>Kurz gesagt:<\/strong> Sie haben Rechte \u2013 z\u00f6gern Sie nicht, die oben gelistete verantwortliche Stelle bei uns zu kontaktieren!<\/p>\n\n\n\n<p>Wenn Sie glauben, dass die Verarbeitung Ihrer Daten gegen das Datenschutzrecht verst\u00f6\u00dft oder Ihre datenschutzrechtlichen Anspr\u00fcche in sonst einer Weise verletzt worden sind, k\u00f6nnen Sie sich bei der Aufsichtsbeh\u00f6rde beschweren. Diese ist f\u00fcr \u00d6sterreich die Datenschutzbeh\u00f6rde, deren Website Sie unter <a href=\"https:\/\/www.dsb.gv.at\/?tid=112365994\" target=\"_blank\" rel=\"noreferrer noopener\">https:\/\/www.dsb.gv.at\/<\/a> finden. In Deutschland gibt es f\u00fcr jedes Bundesland einen Datenschutzbeauftragten. F\u00fcr n\u00e4here Informationen k\u00f6nnen Sie sich an die <a href=\"https:\/\/www.bfdi.bund.de\/DE\/Home\/home_node.html\" target=\"_blank\" rel=\"noreferrer noopener\">Bundesbeauftragte f\u00fcr den Datenschutz und die Informationsfreiheit (BfDI)<\/a> wenden. F\u00fcr unser Unternehmen ist die folgende lokale Datenschutzbeh\u00f6rde zust\u00e4ndig:<\/p>\n\n\n\n<h2 class=\"wp-block-heading\" id=\"oesterreich-datenschutzbehoerde\">\u00d6sterreich Datenschutzbeh\u00f6rde<\/h2>\n\n\n\n<p><strong>Leiterin: <\/strong>Mag. Dr. Andrea Jelinek<strong><br>Adresse: <\/strong>Barichgasse 40-42, 1030 Wien<strong><br>Telefonnr.: <\/strong>+43 1 52&nbsp;152-0<strong><br>E-Mail-Adresse:<\/strong> <a href=\"mailto:dsb@dsb.gv.at\" target=\"_blank\" rel=\"noreferrer noopener\">dsb@dsb.gv.at<\/a> <strong><br>Website:<\/strong> <a href=\"https:\/\/www.dsb.gv.at\/\" target=\"_blank\" rel=\"noreferrer noopener\">https:\/\/www.dsb.gv.at\/<\/a><\/p>\n\n\n\n<h2 class=\"wp-block-heading\" id=\"erklaerung-verwendeter-begriffe\">Erkl\u00e4rung verwendeter Begriffe<\/h2>\n\n\n\n<p>Wir sind stets bem\u00fcht unsere Datenschutzerkl\u00e4rung so klar und verst\u00e4ndlich wie m\u00f6glich zu verfassen. Besonders bei technischen und rechtlichen Themen ist das allerdings nicht immer ganz einfach. Es macht oft Sinn juristische Begriffe (wie z. B. personenbezogene Daten) oder bestimmte technische Ausdr\u00fccke (wie z. B. Cookies, IP-Adresse) zu verwenden. Wir m\u00f6chte diese aber nicht ohne Erkl\u00e4rung verwenden. Nachfolgend finden Sie nun eine alphabetische Liste von wichtigen verwendeten Begriffen, auf die wir in der bisherigen Datenschutzerkl\u00e4rung vielleicht noch nicht ausreichend eingegangen sind. Falls diese Begriffe der DSGVO entnommen wurden und es sich um Begriffsbestimmungen handelt, werden wir hier auch die DSGVO-Texte anf\u00fchren und gegebenenfalls noch eigene Erl\u00e4uterungen hinzuf\u00fcgen.<\/p>\n\n\n\n<h2 class=\"wp-block-heading\" id=\"einwilligung\">Einwilligung<\/h2>\n\n\n\n<p><strong>Begriffsbestimmung nach Artikel 4 der DSGVO<\/strong><\/p>\n\n\n\n<p>Im Sinne dieser Verordnung bezeichnet der Ausdruck:<\/p>\n\n\n\n<blockquote class=\"wp-block-quote is-layout-flow wp-block-quote-is-layout-flow\">\n<p><em><strong>\u201eEinwilligung\u201c<\/strong> der betroffenen Person jede freiwillig f\u00fcr den bestimmten Fall, in informierter Weise und unmissverst\u00e4ndlich abgegebene Willensbekundung in Form einer Erkl\u00e4rung oder einer sonstigen eindeutigen best\u00e4tigenden Handlung, mit der die betroffene Person zu verstehen gibt, dass sie mit der Verarbeitung der sie betreffenden personenbezogenen Daten einverstanden ist;<\/em><\/p>\n<\/blockquote>\n\n\n\n<p><strong>Erl\u00e4uterung: <\/strong>In der Regel erfolgt bei Websites eine solche Einwilligung \u00fcber ein Cookie-Consent-Tool. Sie kennen das bestimmt. Immer wenn Sie erstmals eine Website besuchen, werden Sie meist \u00fcber einen Banner gefragt, ob Sie der Datenverarbeitung zustimmen bzw. einwilligen. Meist k\u00f6nnen Sie auch individuelle Einstellungen treffen und so selbst entscheiden, welche Datenverarbeitung Sie erlauben und welche nicht. Wenn Sie nicht einwilligen, d\u00fcrfen auch keine personenbezogene Daten von Ihnen verarbeitet werden. Grunds\u00e4tzlich kann eine Einwilligung nat\u00fcrlich auch schriftlich, also nicht \u00fcber ein Tool, erfolgen.<\/p>\n\n\n\n<h2 class=\"wp-block-heading\" id=\"personenbezogene-daten\">Personenbezogene Daten<\/h2>\n\n\n\n<p><strong>Begriffsbestimmung nach Artikel 4 der DSGVO<\/strong><\/p>\n\n\n\n<p>Im Sinne dieser Verordnung bezeichnet der Ausdruck:<\/p>\n\n\n\n<blockquote class=\"wp-block-quote is-layout-flow wp-block-quote-is-layout-flow\">\n<p><strong><em>\u201epersonenbezogene Daten\u201c<\/em><\/strong> <em>alle Informationen, die sich auf eine identifizierte oder identifizierbare nat\u00fcrliche Person (im Folgenden \u201ebetroffene Person\u201c) beziehen; als identifizierbar wird eine nat\u00fcrliche Person angesehen, die direkt oder indirekt, insbesondere mittels Zuordnung zu einer Kennung wie einem Namen, zu einer Kennnummer, zu Standortdaten, zu einer Online-Kennung oder zu einem oder mehreren besonderen Merkmalen, die Ausdruck der physischen, physiologischen, genetischen, psychischen, wirtschaftlichen, kulturellen oder sozialen Identit\u00e4t dieser nat\u00fcrlichen Person sind, identifiziert werden kann;<\/em><\/p>\n<\/blockquote>\n\n\n\n<p><strong>Erl\u00e4uterung:<\/strong> Personenbezogene Daten sind also all jene Daten, die Sie als Person identifizieren k\u00f6nnen. Das sind in der Regel Daten wie etwa:<\/p>\n\n\n\n<ul class=\"wp-block-list\">\n<li>Name<\/li>\n\n\n\n<li>Adresse<\/li>\n\n\n\n<li>E-Mail-Adresse<\/li>\n\n\n\n<li>Post-Anschrift<\/li>\n\n\n\n<li>Telefonnummer<\/li>\n\n\n\n<li>Geburtsdatum<\/li>\n\n\n\n<li>Kennnummern wie Sozialversicherungsnummer, Steueridentifikationsnummer, Personalausweisnummer oder Matrikelnummer<\/li>\n\n\n\n<li>Bankdaten wie Kontonummer, Kreditinformationen, Kontost\u00e4nde uvm.<\/li>\n<\/ul>\n\n\n\n<p>Laut Europ\u00e4ischem Gerichtshof (EuGH) z\u00e4hlt auch Ihre <strong>IP-Adresse zu den personenbezogenen Daten<\/strong>. IT-Experten k\u00f6nnen anhand Ihrer IP-Adresse zumindest den ungef\u00e4hren Standort Ihres Ger\u00e4ts und in weiterer Folge Sie als Anschlussinhabers feststellen. Daher ben\u00f6tigt auch das Speichern einer IP-Adresse eine Rechtsgrundlage im Sinne der DSGVO. Es gibt auch noch sogenannte <strong>\u201ebesondere Kategorien\u201c<\/strong> der personenbezogenen Daten, die auch besonders sch\u00fctzenswert sind. Dazu z\u00e4hlen:<\/p>\n\n\n\n<ul class=\"wp-block-list\">\n<li>rassische und ethnische Herkunft<\/li>\n\n\n\n<li>politische Meinungen<\/li>\n\n\n\n<li>religi\u00f6se bzw. weltanschauliche \u00dcberzeugungen<\/li>\n\n\n\n<li>die Gewerkschaftszugeh\u00f6rigkeit<\/li>\n\n\n\n<li>genetische Daten wie beispielsweise Daten, die aus Blut- oder Speichelproben entnommen werden<\/li>\n\n\n\n<li>biometrische Daten (das sind Informationen zu psychischen, k\u00f6rperlichen oder verhaltenstypischen Merkmalen, die eine Person identifizieren k\u00f6nnen).<br>Gesundheitsdaten<\/li>\n\n\n\n<li>Daten zur sexuellen Orientierung oder zum Sexualleben<\/li>\n<\/ul>\n\n\n\n<h2 class=\"wp-block-heading\" id=\"profiling\">Profiling<\/h2>\n\n\n\n<p><strong>Begriffsbestimmung nach Artikel 4 der DSGVO<\/strong><\/p>\n\n\n\n<p>Im Sinne dieser Verordnung bezeichnet der Ausdruck:<\/p>\n\n\n\n<blockquote class=\"wp-block-quote is-layout-flow wp-block-quote-is-layout-flow\">\n<p><em><strong>\u201eProfiling\u201c<\/strong> jede Art der automatisierten Verarbeitung personenbezogener Daten, die darin besteht, dass diese personenbezogenen Daten verwendet werden, um bestimmte pers\u00f6nliche Aspekte, die sich auf eine nat\u00fcrliche Person beziehen, zu bewerten, insbesondere um Aspekte bez\u00fcglich Arbeitsleistung, wirtschaftliche Lage, Gesundheit, pers\u00f6nliche Vorlieben, Interessen, Zuverl\u00e4ssigkeit, Verhalten, Aufenthaltsort oder Ortswechsel dieser nat\u00fcrlichen Person zu analysieren oder vorherzusagen;<\/em><\/p>\n<\/blockquote>\n\n\n\n<p><strong>Erl\u00e4uterung:<\/strong> Beim Profiling werden verschiedene Informationen \u00fcber eine Person zusammengetragen, um daraus mehr \u00fcber diese Person zu erfahren. Im Webbereich wird Profiling h\u00e4ufig f\u00fcr Werbezwecke oder auch f\u00fcr Bonit\u00e4tspr\u00fcfungen angewandt. Web- bzw. Werbeanalyseprogramme sammeln zum Beispiel Daten \u00fcber Ihre Verhalten und Ihre Interessen auf einer Website. Daraus ergibt sich ein spezielles Userprofil, mit dessen Hilfe Werbung gezielt an eine Zielgruppe ausgespielt werden kann.<\/p>\n\n\n\n<p>Alle Texte sind urheberrechtlich gesch\u00fctzt.<\/p>\n\n\n\n<p>Quelle: Erstellt mit dem <a href=\"https:\/\/www.adsimple.at\/datenschutz-generator\/\" target=\"_blank\" rel=\"noopener\">Datenschutz Generator<\/a> von AdSimple<\/p>\n","protected":false},"excerpt":{"rendered":"<p>Inhaltsverzeichnis Einleitung und \u00dcberblick Wir haben diese Datenschutzerkl\u00e4rung (Fassung 20.12.2022-112365994) verfasst, um Ihnen gem\u00e4\u00df der Vorgaben der Datenschutz-Grundverordnung (EU) 2016\/679 und anwendbaren nationalen Gesetzen zu erkl\u00e4ren, welche personenbezogenen Daten (kurz Daten) wir als Verantwortliche \u2013 und die von uns beauftragten Auftragsverarbeiter (z. B. Provider) \u2013 verarbeiten, zuk\u00fcnftig verarbeiten werden und welche rechtm\u00e4\u00dfigen M\u00f6glichkeiten Sie haben. [&hellip;]<\/p>\n","protected":false},"author":1,"featured_media":0,"parent":0,"menu_order":0,"comment_status":"closed","ping_status":"open","template":"","meta":{"footnotes":""},"class_list":["post-3","page","type-page","status-publish","hentry"],"_links":{"self":[{"href":"https:\/\/www.alpha-graz.at\/de\/wp-json\/wp\/v2\/pages\/3","targetHints":{"allow":["GET"]}}],"collection":[{"href":"https:\/\/www.alpha-graz.at\/de\/wp-json\/wp\/v2\/pages"}],"about":[{"href":"https:\/\/www.alpha-graz.at\/de\/wp-json\/wp\/v2\/types\/page"}],"author":[{"embeddable":true,"href":"https:\/\/www.alpha-graz.at\/de\/wp-json\/wp\/v2\/users\/1"}],"replies":[{"embeddable":true,"href":"https:\/\/www.alpha-graz.at\/de\/wp-json\/wp\/v2\/comments?post=3"}],"version-history":[{"count":3,"href":"https:\/\/www.alpha-graz.at\/de\/wp-json\/wp\/v2\/pages\/3\/revisions"}],"predecessor-version":[{"id":735,"href":"https:\/\/www.alpha-graz.at\/de\/wp-json\/wp\/v2\/pages\/3\/revisions\/735"}],"wp:attachment":[{"href":"https:\/\/www.alpha-graz.at\/de\/wp-json\/wp\/v2\/media?parent=3"}],"curies":[{"name":"wp","href":"https:\/\/api.w.org\/{rel}","templated":true}]}}